{"id":280,"date":"2021-02-15T14:29:46","date_gmt":"2021-02-15T14:29:46","guid":{"rendered":"https:\/\/www.customsports.fi\/?page_id=280"},"modified":"2024-02-17T14:40:59","modified_gmt":"2024-02-17T14:40:59","slug":"yrityksille","status":"publish","type":"page","link":"https:\/\/www.customsports.fi\/en\/yrityksille\/","title":{"rendered":"For companies"},"content":{"rendered":"\t\t<div data-elementor-type=\"wp-page\" data-elementor-id=\"280\" class=\"elementor elementor-280\">\n\t\t\t\t\t\t<section class=\"elementor-section elementor-top-section elementor-element elementor-element-699f17e elementor-section-boxed elementor-section-height-default elementor-section-height-default\" data-id=\"699f17e\" data-element_type=\"section\" data-e-type=\"section\" data-settings=\"{&quot;background_background&quot;:&quot;classic&quot;}\">\n\t\t\t\t\t\t\t<div class=\"elementor-background-overlay\"><\/div>\n\t\t\t\t\t\t\t<div class=\"elementor-container elementor-column-gap-default\">\n\t\t\t\t\t<div class=\"elementor-column elementor-col-100 elementor-top-column elementor-element elementor-element-9a84182\" data-id=\"9a84182\" data-element_type=\"column\" data-e-type=\"column\">\n\t\t\t<div class=\"elementor-widget-wrap elementor-element-populated\">\n\t\t\t\t\t\t<div class=\"elementor-element elementor-element-06b64ca elementor-widget elementor-widget-heading\" data-id=\"06b64ca\" data-element_type=\"widget\" data-e-type=\"widget\" data-widget_type=\"heading.default\">\n\t\t\t\t<div class=\"elementor-widget-container\">\n\t\t\t\t\t<h1 class=\"elementor-heading-title elementor-size-default\">Yrityksille ja yhteis\u00f6ille\u200b<\/h1>\t\t\t\t<\/div>\n\t\t\t\t<\/div>\n\t\t\t\t\t<\/div>\n\t\t<\/div>\n\t\t\t\t\t<\/div>\n\t\t<\/section>\n\t\t\t\t<section class=\"elementor-section elementor-top-section elementor-element elementor-element-333b30e elementor-section-boxed elementor-section-height-default elementor-section-height-default\" data-id=\"333b30e\" data-element_type=\"section\" data-e-type=\"section\">\n\t\t\t\t\t\t<div class=\"elementor-container elementor-column-gap-default\">\n\t\t\t\t\t<div class=\"elementor-column elementor-col-100 elementor-top-column elementor-element elementor-element-4417127\" data-id=\"4417127\" data-element_type=\"column\" data-e-type=\"column\">\n\t\t\t<div class=\"elementor-widget-wrap elementor-element-populated\">\n\t\t\t\t\t\t<div class=\"elementor-element elementor-element-adce029 elementor-widget elementor-widget-text-editor\" data-id=\"adce029\" data-element_type=\"widget\" data-e-type=\"widget\" data-widget_type=\"text-editor.default\">\n\t\t\t\t<div class=\"elementor-widget-container\">\n\t\t\t\t\t\t\t\t\t<p><b>Tyhy -P\u00e4iv\u00e4t<\/b><\/p><p><span style=\"font-weight: 400;\">Oletteko liikunnallinen porukka, joka haluaa j\u00e4rjest\u00e4\u00e4 sporttisen p\u00e4iv\u00e4n ty\u00f6yhteis\u00f6n tai kavereiden kanssa. Ota yhteytt\u00e4 ja sovitaan teille sopiva paketti toiveiden mukaan.<\/span><\/p>\t\t\t\t\t\t\t\t<\/div>\n\t\t\t\t<\/div>\n\t\t\t\t<div class=\"elementor-element elementor-element-b68a200 elementor-widget elementor-widget-text-editor\" data-id=\"b68a200\" data-element_type=\"widget\" data-e-type=\"widget\" data-widget_type=\"text-editor.default\">\n\t\t\t\t<div class=\"elementor-widget-container\">\n\t\t\t\t\t\t\t\t\t<p><strong>Ryhm\u00e4tunnit<\/strong><\/p><p><span style=\"font-weight: 400;\">Haluaako yhteis\u00f6si tai ty\u00f6porukkasi tehd\u00e4 ohjatun lihaskuntoharjoituksen, oppia hiiht\u00e4m\u00e4\u00e4n paremmin, testata rullahiihtoa, l\u00e4hte\u00e4 ohjatulle sauvak\u00e4velylenkille tai vaikka <\/span><span style=\"font-weight: 400;\">sauvarinteeseen.\u00a0 Tulemme mielell\u00e4mme liikuttamaan teit\u00e4 tai pit\u00e4m\u00e4\u00e4n urheiluteemaisen luennon. \u00a0Hyv\u00e4 fyysinen kunto lis\u00e4\u00e4 ty\u00f6tehoa, parantaa hyvinvointia ja v\u00e4hent\u00e4\u00e4 sairauspoissaoloja.<\/span><\/p>\t\t\t\t\t\t\t\t<\/div>\n\t\t\t\t<\/div>\n\t\t\t\t<div class=\"elementor-element elementor-element-7c4b51c elementor-widget elementor-widget-text-editor\" data-id=\"7c4b51c\" data-element_type=\"widget\" data-e-type=\"widget\" data-widget_type=\"text-editor.default\">\n\t\t\t\t<div class=\"elementor-widget-container\">\n\t\t\t\t\t\t\t\t\t<p>Jos kiinnostuit, t\u00e4yt\u00e4 lomake alapuolelta. Lis\u00e4tiedustelut: info@customsports.fi<\/p>\t\t\t\t\t\t\t\t<\/div>\n\t\t\t\t<\/div>\n\t\t\t\t\t<\/div>\n\t\t<\/div>\n\t\t\t\t\t<\/div>\n\t\t<\/section>\n\t\t\t\t<section class=\"elementor-section elementor-top-section elementor-element elementor-element-db01719 elementor-section-boxed elementor-section-height-default elementor-section-height-default\" data-id=\"db01719\" data-element_type=\"section\" data-e-type=\"section\">\n\t\t\t\t\t\t<div class=\"elementor-container elementor-column-gap-default\">\n\t\t\t\t\t<div class=\"elementor-column elementor-col-100 elementor-top-column elementor-element elementor-element-9d2ac1e\" data-id=\"9d2ac1e\" data-element_type=\"column\" data-e-type=\"column\">\n\t\t\t<div class=\"elementor-widget-wrap elementor-element-populated\">\n\t\t\t\t\t\t<div class=\"elementor-element elementor-element-3c9923a elementor-widget elementor-widget-image\" data-id=\"3c9923a\" data-element_type=\"widget\" data-e-type=\"widget\" data-widget_type=\"image.default\">\n\t\t\t\t<div class=\"elementor-widget-container\">\n\t\t\t\t\t\t\t\t\t\t\t\t<figure class=\"wp-caption\">\n\t\t\t\t\t\t\t\t\t\t<img fetchpriority=\"high\" decoding=\"async\" width=\"1199\" height=\"1199\" src=\"https:\/\/www.customsports.fi\/wp-content\/uploads\/2021\/09\/6dbf6ea5-2c75-4ac0-a8b2-66f32de9a10f-1.jpg\" class=\"attachment-full size-full wp-image-1413\" alt=\"\" srcset=\"https:\/\/www.customsports.fi\/wp-content\/uploads\/2021\/09\/6dbf6ea5-2c75-4ac0-a8b2-66f32de9a10f-1.jpg 1199w, https:\/\/www.customsports.fi\/wp-content\/uploads\/2021\/09\/6dbf6ea5-2c75-4ac0-a8b2-66f32de9a10f-1-300x300.jpg 300w, https:\/\/www.customsports.fi\/wp-content\/uploads\/2021\/09\/6dbf6ea5-2c75-4ac0-a8b2-66f32de9a10f-1-1024x1024.jpg 1024w, https:\/\/www.customsports.fi\/wp-content\/uploads\/2021\/09\/6dbf6ea5-2c75-4ac0-a8b2-66f32de9a10f-1-150x150.jpg 150w, https:\/\/www.customsports.fi\/wp-content\/uploads\/2021\/09\/6dbf6ea5-2c75-4ac0-a8b2-66f32de9a10f-1-768x768.jpg 768w\" sizes=\"(max-width: 1199px) 100vw, 1199px\" \/>\t\t\t\t\t\t\t\t\t\t\t<figcaption class=\"widget-image-caption wp-caption-text\">OAJ Hollolan paikallisj\u00e4rjest\u00f6 juoksukoulussa<\/figcaption>\n\t\t\t\t\t\t\t\t\t\t<\/figure>\n\t\t\t\t\t\t\t\t\t<\/div>\n\t\t\t\t<\/div>\n\t\t\t\t\t<\/div>\n\t\t<\/div>\n\t\t\t\t\t<\/div>\n\t\t<\/section>\n\t\t\t\t<section class=\"elementor-section elementor-top-section elementor-element elementor-element-7525560 elementor-section-boxed elementor-section-height-default elementor-section-height-default\" data-id=\"7525560\" data-element_type=\"section\" data-e-type=\"section\">\n\t\t\t\t\t\t<div class=\"elementor-container elementor-column-gap-default\">\n\t\t\t\t\t<div class=\"elementor-column elementor-col-100 elementor-top-column elementor-element elementor-element-12e3c05\" data-id=\"12e3c05\" data-element_type=\"column\" data-e-type=\"column\">\n\t\t\t<div class=\"elementor-widget-wrap elementor-element-populated\">\n\t\t\t\t\t\t<div class=\"elementor-element elementor-element-29eea7d elementor-widget elementor-widget-wpforms\" data-id=\"29eea7d\" data-element_type=\"widget\" data-e-type=\"widget\" data-widget_type=\"wpforms.default\">\n\t\t\t\t<div class=\"elementor-widget-container\">\n\t\t\t\t\t<div class=\"wpforms-container \" id=\"wpforms-766\"><form id=\"wpforms-form-766\" class=\"wpforms-validate wpforms-form\" data-formid=\"766\" method=\"post\" enctype=\"multipart\/form-data\" action=\"\/en\/wp-json\/wp\/v2\/pages\/280\" data-token=\"fdcc07a8b17f2979fbb75ad3f7e8495e\" data-token-time=\"1777137553\"><noscript class=\"wpforms-error-noscript\">Please enable JavaScript in your browser to complete this form.<\/noscript><div class=\"wpforms-field-container\"><div id=\"wpforms-766-field_0-container\" class=\"wpforms-field wpforms-field-name\" data-field-id=\"0\"><label class=\"wpforms-field-label\" for=\"wpforms-766-field_0\">Yhteyshenkil\u00f6n nimi <span class=\"wpforms-required-label\">*<\/span><\/label><input type=\"text\" id=\"wpforms-766-field_0\" class=\"wpforms-field-medium wpforms-field-required\" name=\"wpforms[fields][0]\" required><\/div><div id=\"wpforms-766-field_3-container\" class=\"wpforms-field wpforms-field-text\" data-field-id=\"3\"><label class=\"wpforms-field-label\" for=\"wpforms-766-field_3\">Yrityksen nimi<\/label><input type=\"text\" id=\"wpforms-766-field_3\" class=\"wpforms-field-medium\" name=\"wpforms[fields][3]\" ><\/div><div id=\"wpforms-766-field_4-container\" class=\"wpforms-field wpforms-field-text\" data-field-id=\"4\"><label class=\"wpforms-field-label\" for=\"wpforms-766-field_4\">Puhelinnumero <span class=\"wpforms-required-label\">*<\/span><\/label><input type=\"text\" id=\"wpforms-766-field_4\" class=\"wpforms-field-medium wpforms-field-required\" name=\"wpforms[fields][4]\" required><\/div><div id=\"wpforms-766-field_1-container\" class=\"wpforms-field wpforms-field-email\" data-field-id=\"1\"><label class=\"wpforms-field-label\" for=\"wpforms-766-field_1\">S\u00e4hk\u00f6posti<\/label><input type=\"email\" id=\"wpforms-766-field_1\" class=\"wpforms-field-medium\" name=\"wpforms[fields][1]\" spellcheck=\"false\" ><\/div><div id=\"wpforms-766-field_2-container\" class=\"wpforms-field wpforms-field-textarea\" data-field-id=\"2\"><label class=\"wpforms-field-label\" for=\"wpforms-766-field_2\">Lis\u00e4tiedot<\/label><textarea id=\"wpforms-766-field_2\" class=\"wpforms-field-medium\" name=\"wpforms[fields][2]\" ><\/textarea><div class=\"wpforms-field-description\">Kerro alustavasti, mist\u00e4 olet kiinnostunut.<\/div><\/div><\/div><!-- .wpforms-field-container --><div class=\"wpforms-submit-container\" ><input type=\"hidden\" name=\"wpforms[id]\" value=\"766\"><input type=\"hidden\" name=\"page_title\" value=\"\"><input type=\"hidden\" name=\"page_url\" value=\"https:\/\/www.customsports.fi\/en\/wp-json\/wp\/v2\/pages\/280\"><input type=\"hidden\" name=\"url_referer\" value=\"\"><button type=\"submit\" name=\"wpforms[submit]\" id=\"wpforms-submit-766\" class=\"wpforms-submit\" data-alt-text=\"L\u00e4hetet\u00e4\u00e4n...\" data-submit-text=\"L\u00e4het\u00e4\" aria-live=\"assertive\" value=\"wpforms-submit\">L\u00e4het\u00e4<\/button><\/div><\/form><\/div>  <!-- .wpforms-container -->\t\t\t\t<\/div>\n\t\t\t\t<\/div>\n\t\t\t\t\t<\/div>\n\t\t<\/div>\n\t\t\t\t\t<\/div>\n\t\t<\/section>\n\t\t\t\t<\/div>\n\t\t","protected":false},"excerpt":{"rendered":"<p>Yrityksille ja yhteis\u00f6ille\u200b Tyhy -P\u00e4iv\u00e4t Oletteko liikunnallinen porukka, joka haluaa j\u00e4rjest\u00e4\u00e4 sporttisen p\u00e4iv\u00e4n ty\u00f6yhteis\u00f6n tai kavereiden kanssa. Ota yhteytt\u00e4 ja sovitaan teille sopiva paketti toiveiden mukaan. Ryhm\u00e4tunnit Haluaako yhteis\u00f6si tai ty\u00f6porukkasi tehd\u00e4 ohjatun lihaskuntoharjoituksen, oppia hiiht\u00e4m\u00e4\u00e4n paremmin, testata rullahiihtoa, l\u00e4hte\u00e4 ohjatulle sauvak\u00e4velylenkille tai vaikka sauvarinteeseen.\u00a0 Tulemme mielell\u00e4mme liikuttamaan teit\u00e4 tai pit\u00e4m\u00e4\u00e4n urheiluteemaisen luennon. \u00a0Hyv\u00e4 fyysinen [&hellip;]<\/p>\n","protected":false},"author":1,"featured_media":0,"parent":0,"menu_order":0,"comment_status":"closed","ping_status":"closed","template":"","meta":{"_monsterinsights_skip_tracking":false,"_monsterinsights_sitenote_active":false,"_monsterinsights_sitenote_note":"","_monsterinsights_sitenote_category":0,"site-sidebar-layout":"no-sidebar","site-content-layout":"page-builder","ast-site-content-layout":"default","site-content-style":"default","site-sidebar-style":"default","ast-global-header-display":"","ast-banner-title-visibility":"","ast-main-header-display":"","ast-hfb-above-header-display":"","ast-hfb-below-header-display":"","ast-hfb-mobile-header-display":"","site-post-title":"disabled","ast-breadcrumbs-content":"","ast-featured-img":"disabled","footer-sml-layout":"","ast-disable-related-posts":"","theme-transparent-header-meta":"default","adv-header-id-meta":"","stick-header-meta":"","header-above-stick-meta":"","header-main-stick-meta":"","header-below-stick-meta":"","astra-migrate-meta-layouts":"default","ast-page-background-enabled":"default","ast-page-background-meta":{"desktop":{"background-color":"","background-image":"","background-repeat":"repeat","background-position":"center center","background-size":"auto","background-attachment":"scroll","background-type":"","background-media":"","overlay-type":"","overlay-color":"","overlay-opacity":"","overlay-gradient":""},"tablet":{"background-color":"","background-image":"","background-repeat":"repeat","background-position":"center center","background-size":"auto","background-attachment":"scroll","background-type":"","background-media":"","overlay-type":"","overlay-color":"","overlay-opacity":"","overlay-gradient":""},"mobile":{"background-color":"","background-image":"","background-repeat":"repeat","background-position":"center center","background-size":"auto","background-attachment":"scroll","background-type":"","background-media":"","overlay-type":"","overlay-color":"","overlay-opacity":"","overlay-gradient":""}},"ast-content-background-meta":{"desktop":{"background-color":"var(--ast-global-color-5)","background-image":"","background-repeat":"repeat","background-position":"center center","background-size":"auto","background-attachment":"scroll","background-type":"","background-media":"","overlay-type":"","overlay-color":"","overlay-opacity":"","overlay-gradient":""},"tablet":{"background-color":"var(--ast-global-color-5)","background-image":"","background-repeat":"repeat","background-position":"center center","background-size":"auto","background-attachment":"scroll","background-type":"","background-media":"","overlay-type":"","overlay-color":"","overlay-opacity":"","overlay-gradient":""},"mobile":{"background-color":"var(--ast-global-color-5)","background-image":"","background-repeat":"repeat","background-position":"center center","background-size":"auto","background-attachment":"scroll","background-type":"","background-media":"","overlay-type":"","overlay-color":"","overlay-opacity":"","overlay-gradient":""}},"footnotes":""},"class_list":["post-280","page","type-page","status-publish","hentry"],"aioseo_notices":[],"_links":{"self":[{"href":"https:\/\/www.customsports.fi\/en\/wp-json\/wp\/v2\/pages\/280","targetHints":{"allow":["GET"]}}],"collection":[{"href":"https:\/\/www.customsports.fi\/en\/wp-json\/wp\/v2\/pages"}],"about":[{"href":"https:\/\/www.customsports.fi\/en\/wp-json\/wp\/v2\/types\/page"}],"author":[{"embeddable":true,"href":"https:\/\/www.customsports.fi\/en\/wp-json\/wp\/v2\/users\/1"}],"replies":[{"embeddable":true,"href":"https:\/\/www.customsports.fi\/en\/wp-json\/wp\/v2\/comments?post=280"}],"version-history":[{"count":108,"href":"https:\/\/www.customsports.fi\/en\/wp-json\/wp\/v2\/pages\/280\/revisions"}],"predecessor-version":[{"id":2417,"href":"https:\/\/www.customsports.fi\/en\/wp-json\/wp\/v2\/pages\/280\/revisions\/2417"}],"wp:attachment":[{"href":"https:\/\/www.customsports.fi\/en\/wp-json\/wp\/v2\/media?parent=280"}],"curies":[{"name":"wp","href":"https:\/\/api.w.org\/{rel}","templated":true}]}}