{"id":219,"date":"2020-04-13T11:18:52","date_gmt":"2020-04-13T11:18:52","guid":{"rendered":"https:\/\/www.customsports.fi\/about\/"},"modified":"2026-04-17T07:37:39","modified_gmt":"2026-04-17T07:37:39","slug":"meista","status":"publish","type":"page","link":"https:\/\/www.customsports.fi\/en\/meista\/","title":{"rendered":"About us"},"content":{"rendered":"<div data-elementor-type=\"wp-page\" data-elementor-id=\"219\" class=\"elementor elementor-219\">\n\t\t\t\t\t\t<section class=\"elementor-section elementor-top-section elementor-element elementor-element-5131a13e elementor-section-boxed elementor-section-height-default elementor-section-height-default\" data-id=\"5131a13e\" data-element_type=\"section\" data-e-type=\"section\" data-settings=\"{&quot;background_background&quot;:&quot;classic&quot;}\">\n\t\t\t\t\t\t\t<div class=\"elementor-background-overlay\"><\/div>\n\t\t\t\t\t\t\t<div class=\"elementor-container elementor-column-gap-default\">\n\t\t\t\t\t<div class=\"elementor-column elementor-col-100 elementor-top-column elementor-element elementor-element-1053ca7a\" data-id=\"1053ca7a\" data-element_type=\"column\" data-e-type=\"column\">\n\t\t\t<div class=\"elementor-widget-wrap elementor-element-populated\">\n\t\t\t\t\t\t<div class=\"elementor-element elementor-element-3d99e122 elementor-widget elementor-widget-heading\" data-id=\"3d99e122\" data-element_type=\"widget\" data-e-type=\"widget\" data-widget_type=\"heading.default\">\n\t\t\t\t<div class=\"elementor-widget-container\">\n\t\t\t\t\t<h1 class=\"elementor-heading-title elementor-size-default\">About us<\/h1>\t\t\t\t<\/div>\n\t\t\t\t<\/div>\n\t\t\t\t\t<\/div>\n\t\t<\/div>\n\t\t\t\t\t<\/div>\n\t\t<\/section>\n\t\t\t\t<section class=\"elementor-section elementor-top-section elementor-element elementor-element-90f3608 elementor-section-boxed elementor-section-height-default elementor-section-height-default\" data-id=\"90f3608\" data-element_type=\"section\" data-e-type=\"section\">\n\t\t\t\t\t\t<div class=\"elementor-container elementor-column-gap-default\">\n\t\t\t\t\t<div class=\"elementor-column elementor-col-100 elementor-top-column elementor-element elementor-element-a407c9f\" data-id=\"a407c9f\" data-element_type=\"column\" data-e-type=\"column\">\n\t\t\t<div class=\"elementor-widget-wrap elementor-element-populated\">\n\t\t\t\t\t\t<div class=\"elementor-element elementor-element-c6149dc elementor-widget elementor-widget-heading\" data-id=\"c6149dc\" data-element_type=\"widget\" data-e-type=\"widget\" data-widget_type=\"heading.default\">\n\t\t\t\t<div class=\"elementor-widget-container\">\n\t\t\t\t\t<h2 class=\"elementor-heading-title elementor-size-default\">Our team<\/h2>\t\t\t\t<\/div>\n\t\t\t\t<\/div>\n\t\t\t\t<div class=\"elementor-element elementor-element-d47fb06 elementor-widget elementor-widget-text-editor\" data-id=\"d47fb06\" data-element_type=\"widget\" data-e-type=\"widget\" data-widget_type=\"text-editor.default\">\n\t\t\t\t<div class=\"elementor-widget-container\">\n\t\t\t\t\t\t\t\t\t<p><span style=\"font-weight: 400;\">We are a team that has been active in endurance sports for a long time, whose main sport has been cross-country skiing. Our goal is to offer coaching and exercise groups and individuals according to each individual&#039;s needs and goals all year round in different endurance sports. We exercise and train both fitness and competitive athletes. A comprehensive group of experts on endurance sports is at your disposal. We cooperate <a href=\"http:\/\/www.pitokarva.fi\/customski\/\">CustomSki<\/a> with, where you can find high-quality equipment for training. Feel free to get in touch!<\/span><\/p>\t\t\t\t\t\t\t\t<\/div>\n\t\t\t\t<\/div>\n\t\t\t\t<div class=\"elementor-element elementor-element-cab3cc1 elementor-widget elementor-widget-heading\" data-id=\"cab3cc1\" data-element_type=\"widget\" data-e-type=\"widget\" data-widget_type=\"heading.default\">\n\t\t\t\t<div class=\"elementor-widget-container\">\n\t\t\t\t\t<h2 class=\"elementor-heading-title elementor-size-default\">REFERENCES<\/h2>\t\t\t\t<\/div>\n\t\t\t\t<\/div>\n\t\t\t\t<div class=\"elementor-element elementor-element-40b54c5 elementor-widget elementor-widget-testimonial\" data-id=\"40b54c5\" data-element_type=\"widget\" data-e-type=\"widget\" data-widget_type=\"testimonial.default\">\n\t\t\t\t<div class=\"elementor-widget-container\">\n\t\t\t\t\t\t\t<div class=\"elementor-testimonial-wrapper\">\n\t\t\t\t\t\t\t<div class=\"elementor-testimonial-content\">\n&quot;I am an enthusiast who skis 2-3 times a week. I took a private lesson from CustomSports to get tips on skiing technique and equipment and already during the lesson I got a lot of valuable information. Koutsi was an inspiring and motivating teacher. Warmly recommended!&quot;<\/div>\n\t\t\t\n\t\t\t\t\t\t<div class=\"elementor-testimonial-meta\">\n\t\t\t\t<div class=\"elementor-testimonial-meta-inner\">\n\t\t\t\t\t\n\t\t\t\t\t\t\t\t\t\t<div class=\"elementor-testimonial-details\">\n\t\t\t\t\t\t\t\t\t\t\t\t\t\t<div class=\"elementor-testimonial-name\">Jere T\u00f6rm\u00e4nen<\/div>\n\t\t\t\t\t\t\t\t\t\t\t\t\t\t\t\t\t\t\t<\/div>\n\t\t\t\t\t\t\t\t\t<\/div>\n\t\t\t<\/div>\n\t\t\t\t\t<\/div>\n\t\t\t\t\t\t<\/div>\n\t\t\t\t<\/div>\n\t\t\t\t<div class=\"elementor-element elementor-element-98c51fd elementor-widget elementor-widget-testimonial\" data-id=\"98c51fd\" data-element_type=\"widget\" data-e-type=\"widget\" data-widget_type=\"testimonial.default\">\n\t\t\t\t<div class=\"elementor-widget-container\">\n\t\t\t\t\t\t\t<div class=\"elementor-testimonial-wrapper\">\n\t\t\t\t\t\t\t<div class=\"elementor-testimonial-content\">&quot;The skiing technique group lesson was nice and effective. Even though there was a lot to talk about, the whole was clear. We got personal feedback and we tried the exercises several times. Being enthusiastic about the technical school, I wanted to go skiing more often. We were already asking when we would take a refresher lesson.&quot;<\/div>\n\t\t\t\n\t\t\t\t\t\t<div class=\"elementor-testimonial-meta\">\n\t\t\t\t<div class=\"elementor-testimonial-meta-inner\">\n\t\t\t\t\t\n\t\t\t\t\t\t\t\t\t\t<div class=\"elementor-testimonial-details\">\n\t\t\t\t\t\t\t\t\t\t\t\t\t\t<div class=\"elementor-testimonial-name\">OAJ Hollola local organization<\/div>\n\t\t\t\t\t\t\t\t\t\t\t\t\t\t\t\t\t\t\t<\/div>\n\t\t\t\t\t\t\t\t\t<\/div>\n\t\t\t<\/div>\n\t\t\t\t\t<\/div>\n\t\t\t\t\t\t<\/div>\n\t\t\t\t<\/div>\n\t\t\t\t\t<\/div>\n\t\t<\/div>\n\t\t\t\t\t<\/div>\n\t\t<\/section>\n\t\t\t\t<section class=\"elementor-section elementor-top-section elementor-element elementor-element-4feae8f elementor-section-boxed elementor-section-height-default elementor-section-height-default\" data-id=\"4feae8f\" data-element_type=\"section\" data-e-type=\"section\">\n\t\t\t\t\t\t<div class=\"elementor-container elementor-column-gap-default\">\n\t\t\t\t\t<div class=\"elementor-column elementor-col-100 elementor-top-column elementor-element elementor-element-5bc156f\" data-id=\"5bc156f\" data-element_type=\"column\" data-e-type=\"column\">\n\t\t\t<div class=\"elementor-widget-wrap elementor-element-populated\">\n\t\t\t\t\t\t<div class=\"elementor-element elementor-element-6dbb1d5 elementor-widget-divider--view-line elementor-widget elementor-widget-divider\" data-id=\"6dbb1d5\" data-element_type=\"widget\" data-e-type=\"widget\" data-widget_type=\"divider.default\">\n\t\t\t\t<div class=\"elementor-widget-container\">\n\t\t\t\t\t\t\t<div class=\"elementor-divider\">\n\t\t\t<span class=\"elementor-divider-separator\">\n\t\t\t\t\t\t<\/span>\n\t\t<\/div>\n\t\t\t\t\t\t<\/div>\n\t\t\t\t<\/div>\n\t\t\t\t<div class=\"elementor-element elementor-element-4676e3f elementor-widget elementor-widget-heading\" data-id=\"4676e3f\" data-element_type=\"widget\" data-e-type=\"widget\" data-widget_type=\"heading.default\">\n\t\t\t\t<div class=\"elementor-widget-container\">\n\t\t\t\t\t<h2 class=\"elementor-heading-title elementor-size-default\">Coaches<\/h2>\t\t\t\t<\/div>\n\t\t\t\t<\/div>\n\t\t\t\t\t<\/div>\n\t\t<\/div>\n\t\t\t\t\t<\/div>\n\t\t<\/section>\n\t\t\t\t<section class=\"elementor-section elementor-top-section elementor-element elementor-element-6de5ff4 elementor-section-boxed elementor-section-height-default elementor-section-height-default\" data-id=\"6de5ff4\" data-element_type=\"section\" data-e-type=\"section\">\n\t\t\t\t\t\t<div class=\"elementor-container elementor-column-gap-default\">\n\t\t\t\t\t<div class=\"elementor-column elementor-col-33 elementor-top-column elementor-element elementor-element-dc436cc\" data-id=\"dc436cc\" data-element_type=\"column\" data-e-type=\"column\">\n\t\t\t<div class=\"elementor-widget-wrap elementor-element-populated\">\n\t\t\t\t\t\t<div class=\"elementor-element elementor-element-3d9770a elementor-widget elementor-widget-text-editor\" data-id=\"3d9770a\" data-element_type=\"widget\" data-e-type=\"widget\" data-widget_type=\"text-editor.default\">\n\t\t\t\t<div class=\"elementor-widget-container\">\n\t\t\t\t\t\t\t\t\t<p><strong>Marko Passila<\/strong><\/p>\n<p>Portfolio entrepreneur<\/p>\n<p>Worked as a gym entrepreneur for 20 years<\/p>\n<p><span style=\"font-size: 16px;\">Former ski association and sports high school regional coach<\/span><\/p>\n<p>Sports massage training (year 1999)<\/p><p>Hollolan Urheilijoiden nuorten valmentaja\/leiritys vastaava<\/p>\n<p><strong>Background:<\/strong><\/p>\n<p>Coached by Aino-Kaisa &amp; Maija Saarinen to the World Youth Championship gold relay in 1999<\/p>\n<p>Valmennettavilla useita nuorten SM-mitaleja maastohiihdosta<\/p>\n<p>To be coached by Jesse V\u00e4\u00e4n\u00e4nen, 10th place in the World Youth Championship in 2003<\/p>\t\t\t\t\t\t\t\t<\/div>\n\t\t\t\t<\/div>\n\t\t\t\t<div class=\"elementor-element elementor-element-ac577b8 elementor-widget elementor-widget-image\" data-id=\"ac577b8\" data-element_type=\"widget\" data-e-type=\"widget\" data-widget_type=\"image.default\">\n\t\t\t\t<div class=\"elementor-widget-container\">\n\t\t\t\t\t\t\t\t\t\t\t\t<figure class=\"wp-caption\">\n\t\t\t\t\t\t\t\t\t\t<img fetchpriority=\"high\" decoding=\"async\" width=\"755\" height=\"1024\" src=\"https:\/\/www.customsports.fi\/wp-content\/uploads\/2021\/11\/DJI_0328-kopio-755x1024.jpg\" class=\"attachment-large size-large wp-image-1487\" alt=\"\" srcset=\"https:\/\/www.customsports.fi\/wp-content\/uploads\/2021\/11\/DJI_0328-kopio-755x1024.jpg 755w, https:\/\/www.customsports.fi\/wp-content\/uploads\/2021\/11\/DJI_0328-kopio-221x300.jpg 221w, https:\/\/www.customsports.fi\/wp-content\/uploads\/2021\/11\/DJI_0328-kopio-768x1042.jpg 768w, https:\/\/www.customsports.fi\/wp-content\/uploads\/2021\/11\/DJI_0328-kopio-1133x1536.jpg 1133w, https:\/\/www.customsports.fi\/wp-content\/uploads\/2021\/11\/DJI_0328-kopio.jpg 1485w\" sizes=\"(max-width: 755px) 100vw, 755px\" \/>\t\t\t\t\t\t\t\t\t\t\t<figcaption class=\"widget-image-caption wp-caption-text\">Marko Passila<\/figcaption>\n\t\t\t\t\t\t\t\t\t\t<\/figure>\n\t\t\t\t\t\t\t\t\t<\/div>\n\t\t\t\t<\/div>\n\t\t\t\t\t<\/div>\n\t\t<\/div>\n\t\t\t\t<div class=\"elementor-column elementor-col-33 elementor-top-column elementor-element elementor-element-11f1fff\" data-id=\"11f1fff\" data-element_type=\"column\" data-e-type=\"column\">\n\t\t\t<div class=\"elementor-widget-wrap elementor-element-populated\">\n\t\t\t\t\t\t<div class=\"elementor-element elementor-element-c472e4f elementor-widget elementor-widget-text-editor\" data-id=\"c472e4f\" data-element_type=\"widget\" data-e-type=\"widget\" data-widget_type=\"text-editor.default\">\n\t\t\t\t<div class=\"elementor-widget-container\">\n\t\t\t\t\t\t\t\t\t<p><strong>Lari Lehtonen<\/strong><\/p><p><span style=\"font-weight: 400;\">3x Olympic athlete<\/span><\/p><p><span style=\"font-weight: 400;\">Ex-professional athlete\/cross-country skier (in the national team 2010-2020)<\/span><\/p><p><span style=\"font-weight: 400;\">Professional coach (HU VAT5 Kuortane 2021)<\/span><\/p><p>Ski Association U18 team coach 2021-2022 and 2022-2023<\/p><p><span style=\"font-weight: 400;\">Executive Director of Hollola&#039;s Athletes -46 (5\/2020-4\/2022)<\/span><\/p><p>Maastohiihdon vastaava valmentaja yl\u00e4koululeiritys Pajulahti 2024 -&gt;<\/p><p><b>Background:<\/b><\/p><p><span style=\"font-weight: 400;\">3 Olympics, 5 World Championships (Lahti MM 2017 9th)<\/span><\/p><p><span style=\"font-weight: 400;\">7 adult WC medals (3 gold, 2 silver, 2 bronze)<\/span><\/p><p><span style=\"font-weight: 400;\">19 youth championship medals<\/span><\/p><p><span style=\"font-weight: 400;\">Youth Olympic gold and silver 2004 Foje Monthey Switzerland<\/span><\/p>\t\t\t\t\t\t\t\t<\/div>\n\t\t\t\t<\/div>\n\t\t\t\t<div class=\"elementor-element elementor-element-e4512ee elementor-arrows-position-inside elementor-pagination-position-outside elementor-widget elementor-widget-image-carousel\" data-id=\"e4512ee\" data-element_type=\"widget\" data-e-type=\"widget\" data-settings=\"{&quot;slides_to_show&quot;:&quot;1&quot;,&quot;navigation&quot;:&quot;both&quot;,&quot;autoplay&quot;:&quot;yes&quot;,&quot;pause_on_hover&quot;:&quot;yes&quot;,&quot;pause_on_interaction&quot;:&quot;yes&quot;,&quot;autoplay_speed&quot;:5000,&quot;infinite&quot;:&quot;yes&quot;,&quot;effect&quot;:&quot;slide&quot;,&quot;speed&quot;:500}\" data-widget_type=\"image-carousel.default\">\n\t\t\t\t<div class=\"elementor-widget-container\">\n\t\t\t\t\t\t\t<div class=\"elementor-image-carousel-wrapper swiper\" role=\"region\" aria-roledescription=\"carousel\" aria-label=\"Kuvakaruselli\" dir=\"ltr\">\n\t\t\t<div class=\"elementor-image-carousel swiper-wrapper\" aria-live=\"off\">\n\t\t\t\t\t\t\t\t<div class=\"swiper-slide\" role=\"group\" aria-roledescription=\"slide\" aria-label=\"1\/1\"><figure class=\"swiper-slide-inner\"><img decoding=\"async\" class=\"swiper-slide-image\" src=\"https:\/\/www.customsports.fi\/wp-content\/uploads\/2021\/03\/FQ4A0734-2-768x509.jpg\" alt=\"Lari LehtonenKuva: Aapo Laiho\" \/><figcaption class=\"elementor-image-carousel-caption\">Lari Lehtonen (Photo: Aapo Laiho)<\/figcaption><\/figure><\/div>\t\t\t<\/div>\n\t\t\t\t\t<\/div>\n\t\t\t\t\t\t<\/div>\n\t\t\t\t<\/div>\n\t\t\t\t\t<\/div>\n\t\t<\/div>\n\t\t\t\t<div class=\"elementor-column elementor-col-33 elementor-top-column elementor-element elementor-element-3fdc7da\" data-id=\"3fdc7da\" data-element_type=\"column\" data-e-type=\"column\">\n\t\t\t<div class=\"elementor-widget-wrap elementor-element-populated\">\n\t\t\t\t\t\t<div class=\"elementor-element elementor-element-a6ad56d elementor-widget elementor-widget-text-editor\" data-id=\"a6ad56d\" data-element_type=\"widget\" data-e-type=\"widget\" data-widget_type=\"text-editor.default\">\n\t\t\t\t<div class=\"elementor-widget-container\">\n\t\t\t\t\t\t\t\t\t<p><strong>Frans Vainikka<\/strong><\/p><p>Exercise instructor<\/p><p>Entinen kilpahiiht\u00e4j\u00e4<\/p><p>9 vuoden kokemus valmentajan mm. maastohiihdossa ja j\u00e4\u00e4kiekossa<\/p><p><strong>Background<\/strong><\/p><p>Cross-country skiing youth championship medalist<\/p>\t\t\t\t\t\t\t\t<\/div>\n\t\t\t\t<\/div>\n\t\t\t\t<div class=\"elementor-element elementor-element-e55f1f9 elementor-widget elementor-widget-image\" data-id=\"e55f1f9\" data-element_type=\"widget\" data-e-type=\"widget\" data-widget_type=\"image.default\">\n\t\t\t\t<div class=\"elementor-widget-container\">\n\t\t\t\t\t\t\t\t\t\t\t\t<figure class=\"wp-caption\">\n\t\t\t\t\t\t\t\t\t\t<img decoding=\"async\" width=\"819\" height=\"1024\" src=\"https:\/\/www.customsports.fi\/wp-content\/uploads\/2024\/01\/EED07418-719C-4BB2-A59C-CFE004D20FFB-819x1024.jpg\" class=\"attachment-large size-large wp-image-2361\" alt=\"\" srcset=\"https:\/\/www.customsports.fi\/wp-content\/uploads\/2024\/01\/EED07418-719C-4BB2-A59C-CFE004D20FFB-819x1024.jpg 819w, https:\/\/www.customsports.fi\/wp-content\/uploads\/2024\/01\/EED07418-719C-4BB2-A59C-CFE004D20FFB-240x300.jpg 240w, https:\/\/www.customsports.fi\/wp-content\/uploads\/2024\/01\/EED07418-719C-4BB2-A59C-CFE004D20FFB-768x960.jpg 768w, https:\/\/www.customsports.fi\/wp-content\/uploads\/2024\/01\/EED07418-719C-4BB2-A59C-CFE004D20FFB-1229x1536.jpg 1229w, https:\/\/www.customsports.fi\/wp-content\/uploads\/2024\/01\/EED07418-719C-4BB2-A59C-CFE004D20FFB-1639x2048.jpg 1639w, https:\/\/www.customsports.fi\/wp-content\/uploads\/2024\/01\/EED07418-719C-4BB2-A59C-CFE004D20FFB-10x12.jpg 10w, https:\/\/www.customsports.fi\/wp-content\/uploads\/2024\/01\/EED07418-719C-4BB2-A59C-CFE004D20FFB-scaled.jpg 2048w\" sizes=\"(max-width: 819px) 100vw, 819px\" \/>\t\t\t\t\t\t\t\t\t\t\t<figcaption class=\"widget-image-caption wp-caption-text\">Frans Vainikka<\/figcaption>\n\t\t\t\t\t\t\t\t\t\t<\/figure>\n\t\t\t\t\t\t\t\t\t<\/div>\n\t\t\t\t<\/div>\n\t\t\t\t\t<\/div>\n\t\t<\/div>\n\t\t\t\t\t<\/div>\n\t\t<\/section>\n\t\t\t\t<section class=\"elementor-section elementor-top-section elementor-element elementor-element-88095be elementor-section-boxed elementor-section-height-default elementor-section-height-default\" data-id=\"88095be\" data-element_type=\"section\" data-e-type=\"section\" data-settings=\"{&quot;background_background&quot;:&quot;classic&quot;}\">\n\t\t\t\t\t\t<div class=\"elementor-container elementor-column-gap-no\">\n\t\t\t\t\t<div class=\"elementor-column elementor-col-100 elementor-top-column elementor-element elementor-element-6b0d72f\" data-id=\"6b0d72f\" data-element_type=\"column\" data-e-type=\"column\">\n\t\t\t<div class=\"elementor-widget-wrap elementor-element-populated\">\n\t\t\t\t\t\t<div class=\"elementor-element elementor-element-30cd69e elementor-widget elementor-widget-heading\" data-id=\"30cd69e\" data-element_type=\"widget\" data-e-type=\"widget\" data-widget_type=\"heading.default\">\n\t\t\t\t<div class=\"elementor-widget-container\">\n\t\t\t\t\t<h2 class=\"elementor-heading-title elementor-size-default\">Endurance sports are for everyone!<\/h2>\t\t\t\t<\/div>\n\t\t\t\t<\/div>\n\t\t\t\t\t<\/div>\n\t\t<\/div>\n\t\t\t\t\t<\/div>\n\t\t<\/section>\n\t\t\t\t<\/div>","protected":false},"excerpt":{"rendered":"<p>Meist\u00e4 Meid\u00e4n tiimi Olemme pitk\u00e4\u00e4n kest\u00e4vyysurheilun parissa toiminut tiimi, joiden p\u00e4\u00e4lajina on toiminut maastohiihto. Tavoitteenamme on tarjota valmennusta ja liikuttaa ryhmi\u00e4 sek\u00e4 yksityishenkil\u00f6it\u00e4 jokaisen oman tarpeen ja tavoitteen mukaisesti ymp\u00e4rivuoden eri kest\u00e4vyyslajien parissa. Liikutamme ja valmennamme sek\u00e4 kuntoilijoita ett\u00e4 kilpaurheilijoita. K\u00e4yt\u00f6ss\u00e4nne on kattava asiantuntijaryhm\u00e4 kest\u00e4vyysurheilun parista. Teemme yhteisty\u00f6t\u00e4 CustomSkin kanssa, josta l\u00f6yd\u00e4t laadukkaat varusteet harjoitteluun. [&hellip;]<\/p>\n","protected":false},"author":1,"featured_media":0,"parent":0,"menu_order":0,"comment_status":"closed","ping_status":"closed","template":"","meta":{"_monsterinsights_skip_tracking":false,"_monsterinsights_sitenote_active":false,"_monsterinsights_sitenote_note":"","_monsterinsights_sitenote_category":0,"site-sidebar-layout":"no-sidebar","site-content-layout":"page-builder","ast-site-content-layout":"default","site-content-style":"default","site-sidebar-style":"default","ast-global-header-display":"","ast-banner-title-visibility":"","ast-main-header-display":"","ast-hfb-above-header-display":"","ast-hfb-below-header-display":"","ast-hfb-mobile-header-display":"","site-post-title":"disabled","ast-breadcrumbs-content":"","ast-featured-img":"","footer-sml-layout":"","ast-disable-related-posts":"","theme-transparent-header-meta":"enabled","adv-header-id-meta":"","stick-header-meta":"","header-above-stick-meta":"","header-main-stick-meta":"","header-below-stick-meta":"","astra-migrate-meta-layouts":"default","ast-page-background-enabled":"default","ast-page-background-meta":{"desktop":{"background-color":"","background-image":"","background-repeat":"repeat","background-position":"center center","background-size":"auto","background-attachment":"scroll","background-type":"","background-media":"","overlay-type":"","overlay-color":"","overlay-opacity":"","overlay-gradient":""},"tablet":{"background-color":"","background-image":"","background-repeat":"repeat","background-position":"center center","background-size":"auto","background-attachment":"scroll","background-type":"","background-media":"","overlay-type":"","overlay-color":"","overlay-opacity":"","overlay-gradient":""},"mobile":{"background-color":"","background-image":"","background-repeat":"repeat","background-position":"center center","background-size":"auto","background-attachment":"scroll","background-type":"","background-media":"","overlay-type":"","overlay-color":"","overlay-opacity":"","overlay-gradient":""}},"ast-content-background-meta":{"desktop":{"background-color":"var(--ast-global-color-5)","background-image":"","background-repeat":"repeat","background-position":"center center","background-size":"auto","background-attachment":"scroll","background-type":"","background-media":"","overlay-type":"","overlay-color":"","overlay-opacity":"","overlay-gradient":""},"tablet":{"background-color":"var(--ast-global-color-5)","background-image":"","background-repeat":"repeat","background-position":"center center","background-size":"auto","background-attachment":"scroll","background-type":"","background-media":"","overlay-type":"","overlay-color":"","overlay-opacity":"","overlay-gradient":""},"mobile":{"background-color":"var(--ast-global-color-5)","background-image":"","background-repeat":"repeat","background-position":"center center","background-size":"auto","background-attachment":"scroll","background-type":"","background-media":"","overlay-type":"","overlay-color":"","overlay-opacity":"","overlay-gradient":""}},"footnotes":""},"class_list":["post-219","page","type-page","status-publish","hentry"],"aioseo_notices":[],"_links":{"self":[{"href":"https:\/\/www.customsports.fi\/en\/wp-json\/wp\/v2\/pages\/219","targetHints":{"allow":["GET"]}}],"collection":[{"href":"https:\/\/www.customsports.fi\/en\/wp-json\/wp\/v2\/pages"}],"about":[{"href":"https:\/\/www.customsports.fi\/en\/wp-json\/wp\/v2\/types\/page"}],"author":[{"embeddable":true,"href":"https:\/\/www.customsports.fi\/en\/wp-json\/wp\/v2\/users\/1"}],"replies":[{"embeddable":true,"href":"https:\/\/www.customsports.fi\/en\/wp-json\/wp\/v2\/comments?post=219"}],"version-history":[{"count":192,"href":"https:\/\/www.customsports.fi\/en\/wp-json\/wp\/v2\/pages\/219\/revisions"}],"predecessor-version":[{"id":2848,"href":"https:\/\/www.customsports.fi\/en\/wp-json\/wp\/v2\/pages\/219\/revisions\/2848"}],"wp:attachment":[{"href":"https:\/\/www.customsports.fi\/en\/wp-json\/wp\/v2\/media?parent=219"}],"curies":[{"name":"wp","href":"https:\/\/api.w.org\/{rel}","templated":true}]}}